
{"id":37,"date":"2019-12-09T12:10:34","date_gmt":"2019-12-09T11:10:34","guid":{"rendered":"https:\/\/www.salooning.at\/events\/?page_id=37"},"modified":"2019-12-18T15:47:36","modified_gmt":"2019-12-18T14:47:36","slug":"salooning","status":"publish","type":"page","link":"https:\/\/www.salooning.at\/events\/salooning\/","title":{"rendered":"saloon.ing"},"content":{"rendered":"\n<h2><strong>Die Agentur f\u00fcr Ihre Veranstaltung<\/strong><\/h2>\n\n\n\n<p>saloon.ing ist der Organisator f\u00fcr Events aller Art. Ihre Veranstaltung zu etwas Besonderem f\u00fcr Ihre G\u00e4ste und Sie zu machen, ist unser oberstes Vorhaben<\/p>\n\n\n\n<p>Gemeinsam mit Ihnen erarbeiten wir Ziele, die daraus abgeleiteten Ma\u00dfnahmen und setzen diese in Ihrem Sinne um<\/p>\n\n\n\n<p>Wir arbeiten kreativ und zielgruppenorientiert. Wir k\u00fcmmern uns darum, dass Sie das Ziel Ihrer Veranstaltung erreichen. Wollen Sie neue M\u00e4rkte erschlie\u00dfen, bestehende Kunden begeistern oder einfach ein perfektes Fest f\u00fcr Ihre Familie, Freunde und Bekannte ausrichten?&nbsp;<\/p>\n\n\n\n<p>Unser Kerngesch\u00e4ft ist es, Sie auf dem Weg zu Ihrem Ziel zu begleiten und zu unterst\u00fctzen.<\/p>\n","protected":false},"excerpt":{"rendered":"<p>Die Agentur f\u00fcr Ihre Veranstaltung saloon.ing ist der Organisator f\u00fcr Events aller Art. Ihre Veranstaltung zu etwas Besonderem f\u00fcr Ihre G\u00e4ste und Sie zu machen, ist unser oberstes Vorhaben Gemeinsam mit Ihnen erarbeiten wir Ziele, die daraus abgeleiteten Ma\u00dfnahmen und setzen diese in Ihrem Sinne um Wir arbeiten kreativ und zielgruppenorientiert. Wir k\u00fcmmern uns darum, [&hellip;]<\/p>\n","protected":false},"author":1,"featured_media":0,"parent":0,"menu_order":0,"comment_status":"closed","ping_status":"closed","template":"","meta":[],"_links":{"self":[{"href":"https:\/\/www.salooning.at\/events\/wp-json\/wp\/v2\/pages\/37"}],"collection":[{"href":"https:\/\/www.salooning.at\/events\/wp-json\/wp\/v2\/pages"}],"about":[{"href":"https:\/\/www.salooning.at\/events\/wp-json\/wp\/v2\/types\/page"}],"author":[{"embeddable":true,"href":"https:\/\/www.salooning.at\/events\/wp-json\/wp\/v2\/users\/1"}],"replies":[{"embeddable":true,"href":"https:\/\/www.salooning.at\/events\/wp-json\/wp\/v2\/comments?post=37"}],"version-history":[{"count":3,"href":"https:\/\/www.salooning.at\/events\/wp-json\/wp\/v2\/pages\/37\/revisions"}],"predecessor-version":[{"id":73,"href":"https:\/\/www.salooning.at\/events\/wp-json\/wp\/v2\/pages\/37\/revisions\/73"}],"wp:attachment":[{"href":"https:\/\/www.salooning.at\/events\/wp-json\/wp\/v2\/media?parent=37"}],"curies":[{"name":"wp","href":"https:\/\/api.w.org\/{rel}","templated":true}]}}