
{"id":3,"date":"2019-10-29T13:54:30","date_gmt":"2019-10-29T12:54:30","guid":{"rendered":"https:\/\/www.salooning.at\/events\/?page_id=3"},"modified":"2019-12-23T10:07:33","modified_gmt":"2019-12-23T09:07:33","slug":"datenschutzerklaerung","status":"publish","type":"page","link":"https:\/\/www.salooning.at\/events\/datenschutzerklaerung\/","title":{"rendered":"Datenschutzerkl\u00e4rung"},"content":{"rendered":"\n<p><strong>Erkl\u00e4rung zur Informationspflicht<br>(Datenschutzerkl\u00e4rung)<\/strong><\/p>\n\n\n\n<p>Der Schutz Ihrer pers\u00f6nlichen Daten ist uns ein besonderes Anliegen. Wir verarbeiten Ihre Daten daher ausschlie\u00dflich auf Grundlage der gesetzlichen Bestimmungen (DSGVO, TKG 2003). In diesen Datenschutzinformationen informieren wir Sie \u00fcber die wichtigsten Aspekte der Datenverarbeitung im Rahmen unserer Website.<\/p>\n\n\n\n<p><strong>Kontakt mit uns<\/strong><br>Wenn Sie per Formular auf der Website oder per E-Mail Kontakt mit uns aufnehmen, werden Ihre angegebenen Daten zwecks Bearbeitung der Anfrage und f\u00fcr den Fall von Anschlussfragen sechs Monate bei uns gespeichert. Diese Daten geben wir nicht ohne Ihre Einwilligung weiter.<\/p>\n\n\n\n<p><strong>Cookies<\/strong><br>Cookies sind kleine Textdateien, die mit Hilfe des Browsers auf Ihrem Endger\u00e4t abgelegt werden. Sie richten keinen Schaden an. Unsere Website verwendet derzeit keine Cookies.<\/p>\n\n\n\n<p>Aus Gr\u00fcnden der Betriebssicherheit, Erstellung der Zugriffstatistik etc. werden vom Hoster Logfiles erstellt, die zwei Wochen lang gespeichert werden. IP-Adressen werden vom Hostingpartner in den Statistiken ab Mai 2018 nicht mehr erfasst.<\/p>\n\n\n\n<p><strong>Newsletter: In naher Zukunft soll es einen Newsletter geben.<\/strong><br>Sie haben in naher Zukunft die M\u00f6glichkeit, \u00fcber unsere Website unseren Newsletter zu abonnieren. Hierf\u00fcr ben\u00f6tigen wir Ihre E-Mail-Adresse und ihre Erkl\u00e4rung, dass Sie mit dem Bezug des Newsletters einverstanden sind.<br>Sobald Sie sich f\u00fcr den Newsletter angemeldet haben, senden wir Ihnen ein Best\u00e4tigungs-E-Mail mit einem Link zur Best\u00e4tigung der Anmeldung.<br>Das Abo des Newsletters k\u00f6nnen Sie jederzeit stornieren. Senden Sie Ihre Stornierung bitte an folgende E-Mail-Adresse: <a href=\"mailto:petra.moldaschl@salooning.at\">petra.moldaschl@salooning.at<\/a> bzw. ist ein Abmeldelink bei jeder Aussendung integriert. Wir l\u00f6schen anschlie\u00dfend umgehend Ihre Daten im Zusammenhang mit dem Newsletter-Versand. Durch diesen Widerruf wird die Rechtm\u00e4\u00dfigkeit der aufgrund der Zustimmung bis zum Widerruf erfolgten Verarbeitung nicht ber\u00fchrt.<\/p>\n\n\n\n<p><strong>Ihre Rechte<\/strong><br>Ihnen stehen bez\u00fcglich Ihrer bei uns gespeicherten Daten grunds\u00e4tzlich die Rechte auf Auskunft, Berichtigung, L\u00f6schung, Einschr\u00e4nkung, Daten\u00fcbertragbarkeit, Widerruf und Widerspruch zu. Wenn Sie glauben, dass die Verarbeitung Ihrer Daten gegen das Datenschutzrecht verst\u00f6\u00dft oder Ihre datenschutzrechtlichen Anspr\u00fcche sonst in einer Weise verletzt worden sind, k\u00f6nnen Sie sich bei uns petra.moldaschl@salooning.at oder der Datenschutzbeh\u00f6rde beschweren.<\/p>\n\n\n\n<p><strong>Ihre Anprechperson f\u00fcr alle datenschutztechnischen Fragen, auch im Sinne der DSGVO:<\/strong><br> Petra Moldaschl<br> E-Mail: <a href=\"mailto:petra.moldaschl@salooning.at\">petra.moldaschl@salooning.at<\/a><br> Mobil: <a href=\"tel:+436644125353\">+43664 412 53 53<\/a><\/p>\n","protected":false},"excerpt":{"rendered":"<p>Erkl\u00e4rung zur Informationspflicht(Datenschutzerkl\u00e4rung) Der Schutz Ihrer pers\u00f6nlichen Daten ist uns ein besonderes Anliegen. Wir verarbeiten Ihre Daten daher ausschlie\u00dflich auf Grundlage der gesetzlichen Bestimmungen (DSGVO, TKG 2003). In diesen Datenschutzinformationen informieren wir Sie \u00fcber die wichtigsten Aspekte der Datenverarbeitung im Rahmen unserer Website. Kontakt mit unsWenn Sie per Formular auf der Website oder per E-Mail [&hellip;]<\/p>\n","protected":false},"author":1,"featured_media":0,"parent":0,"menu_order":0,"comment_status":"closed","ping_status":"open","template":"","meta":[],"_links":{"self":[{"href":"https:\/\/www.salooning.at\/events\/wp-json\/wp\/v2\/pages\/3"}],"collection":[{"href":"https:\/\/www.salooning.at\/events\/wp-json\/wp\/v2\/pages"}],"about":[{"href":"https:\/\/www.salooning.at\/events\/wp-json\/wp\/v2\/types\/page"}],"author":[{"embeddable":true,"href":"https:\/\/www.salooning.at\/events\/wp-json\/wp\/v2\/users\/1"}],"replies":[{"embeddable":true,"href":"https:\/\/www.salooning.at\/events\/wp-json\/wp\/v2\/comments?post=3"}],"version-history":[{"count":1,"href":"https:\/\/www.salooning.at\/events\/wp-json\/wp\/v2\/pages\/3\/revisions"}],"predecessor-version":[{"id":77,"href":"https:\/\/www.salooning.at\/events\/wp-json\/wp\/v2\/pages\/3\/revisions\/77"}],"wp:attachment":[{"href":"https:\/\/www.salooning.at\/events\/wp-json\/wp\/v2\/media?parent=3"}],"curies":[{"name":"wp","href":"https:\/\/api.w.org\/{rel}","templated":true}]}}