
{"id":10,"date":"2019-11-07T08:31:27","date_gmt":"2019-11-07T07:31:27","guid":{"rendered":"https:\/\/www.salooning.at\/events\/?page_id=10"},"modified":"2020-01-22T19:54:16","modified_gmt":"2020-01-22T18:54:16","slug":"referenzen","status":"publish","type":"page","link":"https:\/\/www.salooning.at\/events\/referenzen\/","title":{"rendered":"Referenzen"},"content":{"rendered":"\n<div class=\"is-layout-flex wp-container-3 wp-block-columns\">\n<div class=\"is-layout-flow wp-block-column\">\n<figure class=\"wp-block-image size-large\"><a href=\"https:\/\/www.xerox.com\" target=\"_blank\" rel=\"noreferrer noopener\"><img decoding=\"async\" loading=\"lazy\" width=\"182\" height=\"92\" src=\"https:\/\/www.salooning.at\/events\/wp-content\/uploads\/2019\/12\/xerox.jpg\" alt=\"\" class=\"wp-image-46\"\/><\/a><\/figure>\n<\/div>\n\n\n\n<div class=\"is-layout-flow wp-block-column\">\n<figure class=\"wp-block-image size-large\"><a href=\"http:\/\/www.fas-research.com\" target=\"_blank\" rel=\"noreferrer noopener\"><img decoding=\"async\" loading=\"lazy\" width=\"182\" height=\"92\" src=\"https:\/\/www.salooning.at\/events\/wp-content\/uploads\/2019\/12\/FAS_Logo.jpg\" alt=\"\" class=\"wp-image-44\"\/><\/a><\/figure>\n\n\n\n<blockquote class=\"wp-block-quote\"><p><em>&#8222;salooning hat verstanden, was mir in der Zusammenarbeit mit meinen Kunden wichtig ist. Deshalb arbeite ich gerne mit Petra Moldaschl zusammen&#8220;<\/em>, Dr. Harald Katzmair, Gr\u00fcnder und Inhalber von FASresearch<\/p><\/blockquote>\n<\/div>\n<\/div>\n\n\n\n<blockquote class=\"wp-block-quote\"><p><em>Ich kenne Petra Moldaschl seit vielen Jahren aus meiner Zeit als Generaldirektorin bei Xerox. Sie freut sich \u00fcber jede Herausforderung und hilft Ihren Kunden und Partnern Ideen zu entwickeln und h\u00f6chst erfolgreich umzusetzen. Ich arbeite au\u00dferordentlich gerne mit ihr zusammen, da sie kreativ und unkonventionell auf meine Vorstellungen eingeht\u201c<\/em>, Mag. Sandra Kolleth, Gesch\u00e4ftsf\u00fchrerin Miele \u00d6sterreich, Slowenien und Kroatien <\/p><\/blockquote>\n","protected":false},"excerpt":{"rendered":"<p>&#8222;salooning hat verstanden, was mir in der Zusammenarbeit mit meinen Kunden wichtig ist. Deshalb arbeite ich gerne mit Petra Moldaschl zusammen&#8220;, Dr. Harald Katzmair, Gr\u00fcnder und Inhalber von FASresearch Ich kenne Petra Moldaschl seit vielen Jahren aus meiner Zeit als Generaldirektorin bei Xerox. Sie freut sich \u00fcber jede Herausforderung und hilft Ihren Kunden und Partnern [&hellip;]<\/p>\n","protected":false},"author":1,"featured_media":0,"parent":0,"menu_order":0,"comment_status":"closed","ping_status":"closed","template":"","meta":[],"_links":{"self":[{"href":"https:\/\/www.salooning.at\/events\/wp-json\/wp\/v2\/pages\/10"}],"collection":[{"href":"https:\/\/www.salooning.at\/events\/wp-json\/wp\/v2\/pages"}],"about":[{"href":"https:\/\/www.salooning.at\/events\/wp-json\/wp\/v2\/types\/page"}],"author":[{"embeddable":true,"href":"https:\/\/www.salooning.at\/events\/wp-json\/wp\/v2\/users\/1"}],"replies":[{"embeddable":true,"href":"https:\/\/www.salooning.at\/events\/wp-json\/wp\/v2\/comments?post=10"}],"version-history":[{"count":12,"href":"https:\/\/www.salooning.at\/events\/wp-json\/wp\/v2\/pages\/10\/revisions"}],"predecessor-version":[{"id":94,"href":"https:\/\/www.salooning.at\/events\/wp-json\/wp\/v2\/pages\/10\/revisions\/94"}],"wp:attachment":[{"href":"https:\/\/www.salooning.at\/events\/wp-json\/wp\/v2\/media?parent=10"}],"curies":[{"name":"wp","href":"https:\/\/api.w.org\/{rel}","templated":true}]}}